{"id":117,"date":"2019-01-03T12:07:38","date_gmt":"2019-01-03T11:07:38","guid":{"rendered":"https:\/\/oberstdorf.shop\/?page_id=117"},"modified":"2022-03-04T15:05:00","modified_gmt":"2022-03-04T14:05:00","slug":"mesmerize","status":"publish","type":"page","link":"https:\/\/oberstdorf.shop\/","title":{"rendered":"Front Page"},"content":{"rendered":"<div  class=\"content-12 content-section content-section-spacing\" id=\"spenden\" style=\"background-color: rgb(255, 255, 255);\" data-id=\"content--1\" data-bullets-visibility=\"true\" data-category=\"content\" data-export-id=\"content-12\" data-label=\"Spenden\"><div  class=\"gridContainer\"> <div  class=\"row text-center\"><div  class=\"section-title-col\" data-type=\"column\"> <h2  class=\"\">Du bist ein Oberstdorf-Fan und m\u00f6chtest Mithelfen den Ort zu erhalten und den Einheimischen etwas zur\u00fcck geben:<\/h2> <h3  class=\"\"><span  style=\"font-size: 19.2px;\">Spendenkonto:<\/span><br  style=\"font-size: 19.2px;\"><span  style=\"font-size: 19.2px;\">Spendenverein der Facebookgruppe Oberstdorf e. V.<\/span><br  style=\"font-size: 19.2px;\"><span  style=\"font-size: 19.2px;\">Raiffeisenbank Kempten \u2013 Oberallg\u00e4u eG<\/span><br  style=\"font-size: 19.2px;\"><span  style=\"font-size: 19.2px;\">IBAN : DE30 733 699 200 001 119 540<\/span><\/h3><h3  class=\"\">Wenn du wissen m\u00f6chtest, wo die Gl\u00f6ckchen hergestellt werden, dann klicke auf das Bild und erhalte mehr Informationen:\r\n<\/h3><\/div> <\/div> <div  class=\"row center-xs middle-xs\"> <div  class=\"col-sm-9\" data-type=\"column\"> <a href=\"https:\/\/www.youtube.com\/watch?v=r1-4ahGCBqU\" target=\"_blank\" data-cp-link=\"1\" rel=\"noopener noreferrer\" class=\"\"><img  title=\"cropped-Glocke-1.jpg\" class=\"shadow-large\" alt=\"\" src=\"https:\/\/oberstdorf.shop\/wp-content\/uploads\/2019\/03\/cropped-Glocke-1.jpg\"><\/a><p  class=\"lead\">An wen wurde schon gespendet und wer hat gespendet? Eine Auflistung wird derzeit erstellt und nach der n\u00e4chsten Vollversammlung im Juli 2020, nat\u00fcrlich nur unter Absprache mit den Spendern, hier ver\u00f6ffentlicht.<\/p><\/div> <\/div><\/div> <\/div><div  class=\"features-12 content-section content-section-spacing \" id=\"karte\" style=\"background-color: rgb(245, 250, 253);\" data-id=\"features--1\" data-bullets-visibility=\"true\" data-category=\"features\" data-export-id=\"features-12\" data-label=\"Karte\"><div  class=\"gridContainer\"> <div  class=\"row text-center\"><div  class=\"section-title-col\" data-type=\"column\"> <h2  class=\"\">Liste und Karte der H\u00e4ndler, \r\n<br >die bisher beim Spendenmarathon mitmachen.<\/h2> <p  class=\"lead\">Hast du ein Gesch\u00e4ft oder eine Anlaufstation in Oberstdorf und m\u00f6chtest auch auf der Karte gelistet werden?<br >Durch die Listung unterst\u00fctzt du den Spendenverein, indem Mitglieder mit dem Erkennungszeichen \u201edas Gl\u00f6ckchen\u201c bei dir Leistungen oder Waren zu einem kleinen Rabattsatz beziehen k\u00f6nnen, den du frei bestimmst. Als Dank reden die Mitglieder \u00fcber dich, du wirst als Partner in der Gruppe und auf der Karte gelistet und spendest alle 6 Monate einen freien Spendenbetrag an den Verein. Der Verein gibt diese Spenden zu 100%&nbsp; an eine geminn\u00fctzige Organisation mit Sitz in Oberstdorf weiter!&nbsp;\r\n<\/p><a href=\"https:\/\/oberstdorf.shop?p=332\" target=\"_blank\" data-cp-link=\"1\" rel=\"noopener noreferrer\" class=\"\"><img  title=\"cropped-Karte.jpg\" class=\"custom-image\" alt=\"\" src=\"https:\/\/oberstdorf.shop\/wp-content\/uploads\/2020\/04\/cropped-Karte.jpg\"><\/a><a class=\"button blue\" href=\"https:\/\/docs.google.com\/forms\/d\/e\/1FAIpQLScaZ68oIdZgFPGhOFlOcJPmq6qKYETgsx5KeasK7Mlugf9RdQ\/viewform?entry.257159080=Max%2BMustermann&amp;entry.1129244136=Mustermann%2BEinzelhandel&amp;entry.1077236402=Musterstra%C3%9Fe%2B1%2C%2B87561%2BOberstdorf&amp;entry.778894125=Mo-Fr%3A%2B900%2B-%2B1800%2BUhr%2B%2F%2BSa%3A%2Bgeschlossen%2B&amp;entry.1380661681=12%3A30%2BUhr%2B-%2B13%3A00%2BUhr&amp;entry.1140888257=www.oberstdorf.shop&amp;entry.390693596=Handt%C3%BCcher%2C%2BEierschalensollbruchverursacher%2C%2BCds%2Bvon%2BOberstdorf...%2B(bitte%2Balles%2Bangeben%3A%2Bnur%2Bwas%2Bangegeben%2Bwird%2C%2Bkann%2Bauch%2Bvon%2BKunden%2B%C3%BCber%2Bdas%2BSuchfeld%2Bund%2B%C3%BCber%2BGoogle%2Bgefunden%2Bwerden)\" target=\"_blank\" data-cp-link=\"1\" rel=\"noopener noreferrer\">Klicke hier, wenn du auf der Karte gelistet werden m\u00f6chtest.<\/a><a class=\"button blue\" href=\"https:\/\/oberstdorf.shop?p=332\" target=\"_blank\" data-cp-link=\"1\" rel=\"noopener noreferrer\">Klicke hier, wenn du dir die Karte ansehen m\u00f6chtest.<\/a><\/div> <\/div> <div  class=\"row spaced-cols\" data-type=\"row\">     <div  class=\"col-sm-6 col-md-12 \"><div  class=\"row space-bottom\"> <div  class=\"col-sm-fit icon-column\" data-preview-empty=\"1\"><\/div> <div  class=\"col-sm\" data-type=\"column\"> <\/div> <\/div><\/div><\/div><\/div> <\/div><div  class=\"overlappable-4-mc content-section content-section-spacing\" id=\"der-vorstand\" style=\"background-color: rgb(255, 255, 255);\" data-overlap=\"true\" data-id=\"overlappable--1\" data-bullets-visibility=\"true\" data-category=\"overlappable\" data-export-id=\"overlappable-4-mc\" data-label=\"Der Vorstand\"><div  class=\"gridContainer\"> <div  class=\"row spaced-cols text-center center-sm\" data-type=\"row\"><div  class=\"col-xs-12 col-sm-4 col-padding\">  <div  data-type=\"column\" class=\"\"><h4  class=\"\">Pr\u00e4sidentin\r\n<\/h4><img  title=\"cropped-Lea.jpg\" class=\"custom-image\" alt=\"\" src=\"https:\/\/oberstdorf.shop\/wp-content\/uploads\/2020\/04\/cropped-Lea.jpg\">  <h2  class=\"\">Lea Buchheister<\/h2><a class=\"button blue\" href=\"mailto:spendenverein.TouristenOberstdorf@gmx.de\" target=\"_blank\" data-cp-link=\"1\" rel=\"noopener noreferrer\">Kontakt<\/a><\/div> <\/div> <div  class=\"col-xs-12 col-sm-4 col-padding\">  <div  data-type=\"column\" class=\"\"><h4  class=\"\">Generalsekret\u00e4r\r\n<\/h4> <h2  class=\"\">Isabell Becker<\/h2><a class=\"button blue\" href=\"mailto:spendenverein.TouristenOberstdorf@gmx.de\" target=\"_blank\" data-cp-link=\"1\" rel=\"noopener noreferrer\">Kontakt<\/a><\/div> <\/div> <div  class=\"col-xs-12 col-sm-4 col-padding\">  <div  data-type=\"column\" class=\"\"> <h4  class=\"\">Schatzmeister\r\n<\/h4><img  title=\"cropped-Kurt.jpeg\" class=\"custom-image\" alt=\"\" src=\"https:\/\/oberstdorf.shop\/wp-content\/uploads\/2020\/04\/cropped-Kurt.jpeg\"><h2  class=\"\">Kurt Bethge\r\n<\/h2><a class=\"button blue\" href=\"mailto:spendenverein.TouristenOberstdorf@gmx.de\" target=\"_blank\" data-cp-link=\"1\" rel=\"noopener noreferrer\">Kontakt<\/a><\/div> <\/div><\/div> <\/div><\/div><div  class=\"about-4 content-section content-section-spacing\" id=\"presse\" style=\"background-color: rgb(255, 255, 255);\" data-id=\"about--1\" data-bullets-visibility=\"true\" data-category=\"about\" data-export-id=\"about-4\" data-label=\"PRESSE\"><div  class=\"gridContainer\"> <div  class=\"row middle-sm text-center\"><div  class=\"col-sm-5 space-bottom-xs\" data-type=\"column\">  <h2  class=\"\">Die Presse ist auch schon auf uns auferksam geworden &nbsp;<\/h2> <p  class=\"\">Klicke auf die Bider um mehr Informationen zu den einzelnen Berichten zu erhalten.<\/p> <\/div> <div  class=\"col-sm-7 flexbox center-xs middle-xs image-group-2-img\"> <a class=\"img-1-anchor\" href=\"https:\/\/oberstdorf.shop\/wp-content\/uploads\/2020\/04\/Presse1.jpg\" target=\"_blank\" data-cp-link=\"1\" rel=\"noopener noreferrer\"><img  title=\"cropped-Presse1-7.jpg\" class=\"img-1 shadow-large\" alt=\"\" src=\"https:\/\/oberstdorf.shop\/wp-content\/uploads\/2020\/04\/cropped-Presse1-7.jpg\" data-size=\"250x200\"><\/a> <a class=\"img-2-anchor\" href=\"https:\/\/oberstdorf.shop\/wp-content\/uploads\/2020\/04\/69278438_607392116452805_4616408219005222912_o.jpg\" target=\"_blank\" data-cp-link=\"1\" rel=\"noopener noreferrer\"><img  title=\"cropped-presse-2-1-2.jpg\" class=\"img-2 shadow-large\" alt=\"\" src=\"https:\/\/oberstdorf.shop\/wp-content\/uploads\/2020\/04\/cropped-presse-2-1-2.jpg\" data-size=\"220x170\"><\/a><\/div> <\/div><\/div> <\/div><div  class=\"cta-blue-section-mc content-section content-section-spacing le_cocktail white-text\" id=\"impressum\" style=\"background-color: rgb(245, 250, 253);\" data-id=\"cta--1\" data-category=\"cta\" data-export-id=\"cta-blue-section-mc\" data-label=\"Impressum\"><div  class=\"gridContainer\"> <div  class=\"row middle-xs\"><div  class=\"col-sm-8 space-bottom-xs\" data-type=\"column\"><a class=\"button blue\" href=\"https:\/\/oberstdorf.shop?page_id=37\" target=\"_self\" data-cp-link=\"1\" rel=\"noopener noreferrer\">Impressum<\/a>  <a class=\"button blue\" href=\"https:\/\/oberstdorf.shop\/wp-content\/uploads\/2020\/04\/Satzung-Spendenverein-Touristen-Obersdorf-e.V.-10.07.2019.pdf\" target=\"_blank\" data-cp-link=\"1\" rel=\"noopener noreferrer\">Satzung des Vereins<\/a><a class=\"button blue\" href=\"#\" target=\"_self\" data-cp-link=\"1\" rel=\"noopener noreferrer\">Protokll der Gr\u00fcndungsversammlung<\/a><\/div> <div  class=\"col-sm-4 end-sm\" data-type=\"column\"><a class=\"button blue\" href=\"https:\/\/oberstdorf.shop?page_id=146\" target=\"_self\" data-cp-link=\"1\" rel=\"noopener noreferrer\">Datenschutzerkl\u00e4rung<\/a> <\/div> <\/div><\/div> <\/div>","protected":false},"excerpt":{"rendered":"<p>Du bist ein Oberstdorf-Fan und m\u00f6chtest Mithelfen den Ort zu erhalten und den Einheimischen etwas zur\u00fcck geben: Spendenkonto:Spendenverein der Facebookgruppe Oberstdorf e. V.Raiffeisenbank Kempten \u2013 Oberallg\u00e4u eGIBAN : DE30 733 699 200 001 119 540Wenn du wissen m\u00f6chtest, wo die Gl\u00f6ckchen hergestellt werden, dann klicke auf das Bild und erhalte mehr Informationen: An wen wurde&hellip; <br \/> <a class=\"read-more\" href=\"https:\/\/oberstdorf.shop\/\">Weiterlesen<\/a><\/p>\n","protected":false},"author":2,"featured_media":0,"parent":0,"menu_order":0,"comment_status":"closed","ping_status":"closed","template":"page-templates\/homepage.php","meta":[],"_links":{"self":[{"href":"https:\/\/oberstdorf.shop\/index.php?rest_route=\/wp\/v2\/pages\/117"}],"collection":[{"href":"https:\/\/oberstdorf.shop\/index.php?rest_route=\/wp\/v2\/pages"}],"about":[{"href":"https:\/\/oberstdorf.shop\/index.php?rest_route=\/wp\/v2\/types\/page"}],"author":[{"embeddable":true,"href":"https:\/\/oberstdorf.shop\/index.php?rest_route=\/wp\/v2\/users\/2"}],"replies":[{"embeddable":true,"href":"https:\/\/oberstdorf.shop\/index.php?rest_route=%2Fwp%2Fv2%2Fcomments&post=117"}],"version-history":[{"count":50,"href":"https:\/\/oberstdorf.shop\/index.php?rest_route=\/wp\/v2\/pages\/117\/revisions"}],"predecessor-version":[{"id":471,"href":"https:\/\/oberstdorf.shop\/index.php?rest_route=\/wp\/v2\/pages\/117\/revisions\/471"}],"wp:attachment":[{"href":"https:\/\/oberstdorf.shop\/index.php?rest_route=%2Fwp%2Fv2%2Fmedia&parent=117"}],"curies":[{"name":"wp","href":"https:\/\/api.w.org\/{rel}","templated":true}]}}